{"id":114,"date":"2025-05-09T10:38:38","date_gmt":"2025-05-09T08:38:38","guid":{"rendered":"http:\/\/earlyaccess.maisongiuliani.com\/?post_type=product&#038;p=114"},"modified":"2025-10-22T14:37:30","modified_gmt":"2025-10-22T12:37:30","slug":"chieti-blanc","status":"publish","type":"product","link":"https:\/\/earlyaccess.maisongiuliani.com\/index.php\/produit\/chieti-blanc\/","title":{"rendered":"Chieti blanc"},"content":{"rendered":"<h3><strong>DESCRIPTIONS<\/strong><\/h3>\n<p class=\"p1\">Sneakers basse \u00e0 semelle fine, confectionn\u00e9e en cuir de cerf blanc,<b> <\/b>reconnue pour sa souplesse et sa texture \u00e9l\u00e9gante.<br \/>\nEmpi\u00e8cements en daim gris clair sur l\u2019ext\u00e9rieur et cuir de veau lisse blanc \u00e0 l\u2019int\u00e9rieur, offrant un contraste subtil et raffin\u00e9.<\/p>\n<p class=\"p1\">Ce mod\u00e8le met en valeur le savoir-faire artisanal \u00e0 travers ses coutures ton sur ton, discr\u00e8tes et pr\u00e9cises.<br \/>\nLa semelle blanche en gomme Margom, c\u00e9l\u00e8bre pour sa robustesse et son confort, est cousue et arbore le marquage distinctif sous la semelle, ainsi qu\u2019une structure antid\u00e9rapante.<\/p>\n<p class=\"p1\">Le logo MG est discr\u00e8tement appos\u00e9 en blanc sur la languette, tandis que l\u2019inscription \u00ab MAISON GIULIANI \u00bb en blanc signe l\u2019arri\u00e8re du mod\u00e8le.<\/p>\n<h3><\/h3>\n<h3><\/h3>\n<h3><strong>CARACT\u00c9RISTIQUES<\/strong><\/h3>\n<ul>\n<li><strong>Mat\u00e9riaux<\/strong> :\u2028Cuir de cerf blanc (grain\u00e9 naturel) avec empi\u00e8cements en daim gris clair \u00e0 l\u2019ext\u00e9rieur.\u2028Doublure int\u00e9rieure en cuir de veau lisse blanc.<\/li>\n<li class=\"s9\"><strong>D\u00e9tails &amp; Finitions<\/strong> :<br \/>\n&#8211; Languette orn\u00e9e de la signature MG en blanc<br \/>\n&#8211; Renfort arri\u00e8re en daim gris clair avec inscription MAISON GIULIANI en blanc<br \/>\n&#8211; Point de couture ton sur ton discret sur le c\u00f4t\u00e9 ext\u00e9rieur, soulignant le travail artisanal.<\/li>\n<li><strong data-start=\"576\" data-end=\"596\">Personnalisation : <\/strong>Mod\u00e8le propos\u00e9 en <strong data-start=\"617\" data-end=\"647\">s\u00e9rie limit\u00e9e et num\u00e9rot\u00e9e<\/strong>. Chaque exemplaire est unique et porteur d\u2019un num\u00e9ro individuel, t\u00e9moignant de son exclusivit\u00e9<\/li>\n<li class=\"s9\"><strong>Style<\/strong> : Design tr\u00e8s \u00e9pur\u00e9, id\u00e9al pour celles et ceux qui privil\u00e9gient une esth\u00e9tique sobre et raffin\u00e9e.<\/li>\n<li class=\"s9\"><strong>Semelle<\/strong> : Semelle ext\u00e9rieure en gomme type cr\u00eape blanc, construction coll\u00e9e et cousue pour garantir durabilit\u00e9 et confort.\u2028Semelle int\u00e9rieure de protection blanche, sigl\u00e9e MAISON GIULIANI.<\/li>\n<li class=\"s9\"><strong>Accessoires<\/strong> : Livr\u00e9 avec un sachet de protection en coton sigl\u00e9 MAISON GIULIANI.<\/li>\n<li class=\"s9\"><strong>Origine<\/strong> : Fabriqu\u00e9 \u00e0 la main en Italie.<\/li>\n<li class=\"s9\"><strong>Conseils de taille<\/strong> : Ce mod\u00e8le taille normalement. Nous vous recommandons de s\u00e9lectionner votre pointure habituelle.<\/li>\n<\/ul>\n","protected":false},"excerpt":{"rendered":"<p>DESCRIPTIONS Sneakers basse \u00e0 semelle fine, confectionn\u00e9e en cuir de cerf blanc, reconnue pour sa souplesse et sa texture \u00e9l\u00e9gante. Empi\u00e8cements en daim gris clair sur l\u2019ext\u00e9rieur et cuir de veau lisse blanc \u00e0 l\u2019int\u00e9rieur, offrant un contraste subtil et raffin\u00e9. Ce mod\u00e8le met en valeur le savoir-faire artisanal \u00e0 travers ses coutures ton sur [&hellip;]<\/p>\n","protected":false},"featured_media":565,"comment_status":"open","ping_status":"closed","template":"","meta":[],"product_brand":[],"product_cat":[21],"product_tag":[],"class_list":{"0":"post-114","1":"product","2":"type-product","3":"status-publish","4":"has-post-thumbnail","6":"product_cat-non-classe","8":"first","9":"instock","10":"shipping-taxable","11":"purchasable","12":"product-type-simple"},"_regular_price":"375","_product_image_gallery":"563,562,564","_links":{"self":[{"href":"https:\/\/earlyaccess.maisongiuliani.com\/index.php\/wp-json\/wp\/v2\/product\/114","targetHints":{"allow":["GET"]}}],"collection":[{"href":"https:\/\/earlyaccess.maisongiuliani.com\/index.php\/wp-json\/wp\/v2\/product"}],"about":[{"href":"https:\/\/earlyaccess.maisongiuliani.com\/index.php\/wp-json\/wp\/v2\/types\/product"}],"replies":[{"embeddable":true,"href":"https:\/\/earlyaccess.maisongiuliani.com\/index.php\/wp-json\/wp\/v2\/comments?post=114"}],"version-history":[{"count":9,"href":"https:\/\/earlyaccess.maisongiuliani.com\/index.php\/wp-json\/wp\/v2\/product\/114\/revisions"}],"predecessor-version":[{"id":840,"href":"https:\/\/earlyaccess.maisongiuliani.com\/index.php\/wp-json\/wp\/v2\/product\/114\/revisions\/840"}],"wp:featuredmedia":[{"embeddable":true,"href":"https:\/\/earlyaccess.maisongiuliani.com\/index.php\/wp-json\/wp\/v2\/media\/565"}],"wp:attachment":[{"href":"https:\/\/earlyaccess.maisongiuliani.com\/index.php\/wp-json\/wp\/v2\/media?parent=114"}],"wp:term":[{"taxonomy":"product_brand","embeddable":true,"href":"https:\/\/earlyaccess.maisongiuliani.com\/index.php\/wp-json\/wp\/v2\/product_brand?post=114"},{"taxonomy":"product_cat","embeddable":true,"href":"https:\/\/earlyaccess.maisongiuliani.com\/index.php\/wp-json\/wp\/v2\/product_cat?post=114"},{"taxonomy":"product_tag","embeddable":true,"href":"https:\/\/earlyaccess.maisongiuliani.com\/index.php\/wp-json\/wp\/v2\/product_tag?post=114"}],"curies":[{"name":"wp","href":"https:\/\/api.w.org\/{rel}","templated":true}]}}