{"id":172,"date":"2025-05-09T10:41:45","date_gmt":"2025-05-09T08:41:45","guid":{"rendered":"http:\/\/earlyaccess.maisongiuliani.com\/?post_type=product&#038;p=172"},"modified":"2025-07-03T11:53:42","modified_gmt":"2025-07-03T09:53:42","slug":"teramo-noir-et-blanc","status":"publish","type":"product","link":"https:\/\/earlyaccess.maisongiuliani.com\/index.php\/produit\/teramo-noir-et-blanc\/","title":{"rendered":"Teramo noir et blanc"},"content":{"rendered":"<h3><strong>DESCRIPTIONS<\/strong><\/h3>\n<p class=\"p1\">Sneakers basses au design raffin\u00e9, confectionn\u00e9es en cuir de veau lisse noir, sublim\u00e9es par des empi\u00e8cements en cuir de veau perfor\u00e9 noir qui offrent \u00e0 la fois l\u00e9g\u00e8ret\u00e9 et \u00e9l\u00e9gance.<\/p>\n<p class=\"p2\">Ce mod\u00e8le se distingue par sa tresse entrelac\u00e9e enti\u00e8rement brod\u00e9e en blanc, vert et bleu, hommage aux couleurs des Abruzzes, signature embl\u00e9matique de Maison Giuliani. Deux points de couture ton sur ton \u00e0 l\u2019arri\u00e8re t\u00e9moignent du savoir-faire artisanal.<\/p>\n<p class=\"p2\">La semelle blanche en TPU et EVA, \u00e0 la fois l\u00e9g\u00e8re et r\u00e9sistante, adopte un design m\u00ealant lignes angulaires et arrondies. Le dessous noir, subtilement sculpt\u00e9, am\u00e9liore l&#8217;adh\u00e9rence avec Logo MG et inscription MAISON GIULIANI incrust\u00e9s.<\/p>\n<p class=\"p2\">Le logo MG en noir est appos\u00e9 sur une \u00e9tiquette en cuir cousue sur la languette. \u00c0 l\u2019arri\u00e8re, l\u2019inscription MAISON GIULIANI en noir signe le mod\u00e8le.<\/p>\n<h3><\/h3>\n<p>&nbsp;<\/p>\n<h3><strong>CARACT\u00c9RISTIQUES<\/strong><\/h3>\n<ul>\n<li><strong>Mat\u00e9riaux<\/strong> : Cuir de veau lisse noir et cuir perfor\u00e9 noir et doublure int\u00e9rieure en cuir de veau noir<\/li>\n<li><strong>D\u00e9tails &amp; Finitions<\/strong> :<br \/>\n&#8211; Languette avec logo MG en noir<br \/>\n&#8211; Tresse lat\u00e9rale brod\u00e9e en blanc, vert et bleu<br \/>\n&#8211; Deux points de couture ton sur ton \u00e0 l\u2019arri\u00e8re<br \/>\n&#8211; Inscription MAISON GIULIANI en noir au talon (\u00e0 l\u2019arri\u00e8re)<\/li>\n<li><strong data-start=\"576\" data-end=\"596\">Personnalisation : <\/strong>Mod\u00e8le propos\u00e9 en <strong data-start=\"617\" data-end=\"647\">s\u00e9rie limit\u00e9e et num\u00e9rot\u00e9e<\/strong>. Chaque exemplaire est unique et porteur d\u2019un num\u00e9ro individuel, t\u00e9moignant de son exclusivit\u00e9<\/li>\n<li><strong>Semelle<\/strong> :<br \/>\n&#8211; Semelle ext\u00e9rieure en TPU &amp; EVA, construction coll\u00e9e<br \/>\n&#8211; Dessin \u00e9l\u00e9gant sur le TPU m\u00ealant formes angulaires et arrondies en couleur noir sculpt\u00e9 pour une meilleure adh\u00e9rence<br \/>\n&#8211; Semelle int\u00e9rieure de protection noire, sigl\u00e9e MAISON GIULIANI<\/li>\n<li><strong>Accessoires<\/strong> : Livr\u00e9 avec un sachet de protection en coton sigl\u00e9 MAISON GIULIANI<\/li>\n<li><strong>Origine<\/strong> : Fabriqu\u00e9 \u00e0 la main en Italie<\/li>\n<li><strong>Conseils de taille<\/strong> : Ce mod\u00e8le chausse normalement. Nous vous conseillons de choisir votre pointure habituelle.<\/li>\n<\/ul>\n","protected":false},"excerpt":{"rendered":"<p>DESCRIPTIONS Sneakers basses au design raffin\u00e9, confectionn\u00e9es en cuir de veau lisse noir, sublim\u00e9es par des empi\u00e8cements en cuir de veau perfor\u00e9 noir qui offrent \u00e0 la fois l\u00e9g\u00e8ret\u00e9 et \u00e9l\u00e9gance. Ce mod\u00e8le se distingue par sa tresse entrelac\u00e9e enti\u00e8rement brod\u00e9e en blanc, vert et bleu, hommage aux couleurs des Abruzzes, signature embl\u00e9matique de Maison [&hellip;]<\/p>\n","protected":false},"featured_media":573,"comment_status":"open","ping_status":"closed","template":"","meta":[],"product_brand":[],"product_cat":[21],"product_tag":[],"class_list":{"0":"post-172","1":"product","2":"type-product","3":"status-publish","4":"has-post-thumbnail","6":"product_cat-non-classe","8":"first","9":"instock","10":"shipping-taxable","11":"purchasable","12":"product-type-simple"},"_regular_price":"450","_product_image_gallery":"541,540,542","_links":{"self":[{"href":"https:\/\/earlyaccess.maisongiuliani.com\/index.php\/wp-json\/wp\/v2\/product\/172","targetHints":{"allow":["GET"]}}],"collection":[{"href":"https:\/\/earlyaccess.maisongiuliani.com\/index.php\/wp-json\/wp\/v2\/product"}],"about":[{"href":"https:\/\/earlyaccess.maisongiuliani.com\/index.php\/wp-json\/wp\/v2\/types\/product"}],"replies":[{"embeddable":true,"href":"https:\/\/earlyaccess.maisongiuliani.com\/index.php\/wp-json\/wp\/v2\/comments?post=172"}],"version-history":[{"count":6,"href":"https:\/\/earlyaccess.maisongiuliani.com\/index.php\/wp-json\/wp\/v2\/product\/172\/revisions"}],"predecessor-version":[{"id":844,"href":"https:\/\/earlyaccess.maisongiuliani.com\/index.php\/wp-json\/wp\/v2\/product\/172\/revisions\/844"}],"wp:featuredmedia":[{"embeddable":true,"href":"https:\/\/earlyaccess.maisongiuliani.com\/index.php\/wp-json\/wp\/v2\/media\/573"}],"wp:attachment":[{"href":"https:\/\/earlyaccess.maisongiuliani.com\/index.php\/wp-json\/wp\/v2\/media?parent=172"}],"wp:term":[{"taxonomy":"product_brand","embeddable":true,"href":"https:\/\/earlyaccess.maisongiuliani.com\/index.php\/wp-json\/wp\/v2\/product_brand?post=172"},{"taxonomy":"product_cat","embeddable":true,"href":"https:\/\/earlyaccess.maisongiuliani.com\/index.php\/wp-json\/wp\/v2\/product_cat?post=172"},{"taxonomy":"product_tag","embeddable":true,"href":"https:\/\/earlyaccess.maisongiuliani.com\/index.php\/wp-json\/wp\/v2\/product_tag?post=172"}],"curies":[{"name":"wp","href":"https:\/\/api.w.org\/{rel}","templated":true}]}}