{"id":180,"date":"2025-05-09T10:44:52","date_gmt":"2025-05-09T08:44:52","guid":{"rendered":"http:\/\/earlyaccess.maisongiuliani.com\/?post_type=product&#038;p=180"},"modified":"2025-10-22T14:35:33","modified_gmt":"2025-10-22T12:35:33","slug":"pescara-noir-et-blanc","status":"publish","type":"product","link":"https:\/\/earlyaccess.maisongiuliani.com\/index.php\/produit\/pescara-noir-et-blanc\/","title":{"rendered":"Pescara noir et blanc"},"content":{"rendered":"<h3><strong>DESCRIPTIONS<\/strong><\/h3>\n<p class=\"p1\">Sneakers basse \u00e0 semelle fine, confectionn\u00e9e en cuir de veau noir, combin\u00e9e \u00e0 des empi\u00e8cements en daim noir sur l\u2019ext\u00e9rieur et une doublure int\u00e9rieure en cuir de veau noir.<br \/>\nLes coutures ton sur ton mettent en avant la pr\u00e9cision du savoir-faire artisanal.<\/p>\n<p class=\"p1\">Signature distinctive de la marque Maison Giuliani, une tresse entrelac\u00e9e en blanc, vert et bleu, inspir\u00e9e des couleurs du drapeau des Abruzzes (Italie), vient sublimer le c\u00f4t\u00e9 ext\u00e9rieur.<\/p>\n<p class=\"p1\">La semelle blanche en gomme Margom, r\u00e9put\u00e9e pour sa robustesse, est cousue et dot\u00e9e d\u2019une structure antid\u00e9rapante. Le logo MG et l\u2019inscription \u00ab MAISON GIULIANI \u00bb sont appos\u00e9s discr\u00e8tement sous la semelle.<\/p>\n<p class=\"p1\">Le logo MG en noir orne la languette, tandis que l\u2019arri\u00e8re est sign\u00e9 \u00ab MAISON<b> <\/b>GIULIANI \u00bb en noir.<\/p>\n<h3><\/h3>\n<p>&nbsp;<\/p>\n<h3><strong>CARACT\u00c9RISTIQUES<\/strong><\/h3>\n<ul>\n<li><strong>Mat\u00e9riaux<\/strong> : Cuir de veau noir, empi\u00e8cements en daim noir et doublure int\u00e9rieure en cuir de veau noir<\/li>\n<li><strong>D\u00e9tails &amp; Finitions<\/strong> :<br \/>\n&#8211; Languette avec logo MG en noir<br \/>\n&#8211; Tresse lat\u00e9rale brod\u00e9e en blanc, vert et bleu<br \/>\n&#8211; Point de couture ton sur ton sur le c\u00f4t\u00e9 ext\u00e9rieur<br \/>\n&#8211; Renfort arri\u00e8re en daim noir avec inscription MAISON GIULIANI en noir<\/li>\n<li><strong data-start=\"576\" data-end=\"596\">Personnalisation : <\/strong>Mod\u00e8le propos\u00e9 en <strong data-start=\"617\" data-end=\"647\">s\u00e9rie limit\u00e9e et num\u00e9rot\u00e9e<\/strong>. Chaque exemplaire est unique et porteur d\u2019un num\u00e9ro individuel, t\u00e9moignant de son exclusivit\u00e9<\/li>\n<li><strong>Semelle<\/strong> :<br \/>\n&#8211; Semelle ext\u00e9rieure en gomme Margom coloris blanc<br \/>\n&#8211; Construction coll\u00e9e et cousue pour une durabilit\u00e9 optimale<br \/>\n&#8211; Semelle int\u00e9rieure de protection noire, sigl\u00e9e MAISON GIULIANI<\/li>\n<li><strong>Accessoires<\/strong> : Livr\u00e9 avec un sachet de protection en coton sigl\u00e9 MAISON GIULIANI<\/li>\n<li><strong>Origine<\/strong> : Fabriqu\u00e9 \u00e0 la main en Italie<\/li>\n<li><strong>Conseils de taille<\/strong> : Ce mod\u00e8le chausse normalement. Nous vous conseillons de choisir votre pointure habituelle.<\/li>\n<\/ul>\n","protected":false},"excerpt":{"rendered":"<p>DESCRIPTIONS Sneakers basse \u00e0 semelle fine, confectionn\u00e9e en cuir de veau noir, combin\u00e9e \u00e0 des empi\u00e8cements en daim noir sur l\u2019ext\u00e9rieur et une doublure int\u00e9rieure en cuir de veau noir. Les coutures ton sur ton mettent en avant la pr\u00e9cision du savoir-faire artisanal. Signature distinctive de la marque Maison Giuliani, une tresse entrelac\u00e9e en blanc, [&hellip;]<\/p>\n","protected":false},"featured_media":570,"comment_status":"open","ping_status":"closed","template":"","meta":[],"product_brand":[],"product_cat":[21],"product_tag":[],"class_list":{"0":"post-180","1":"product","2":"type-product","3":"status-publish","4":"has-post-thumbnail","6":"product_cat-non-classe","8":"first","9":"instock","10":"shipping-taxable","11":"purchasable","12":"product-type-simple"},"_regular_price":"395","_product_image_gallery":"550,549,551","_links":{"self":[{"href":"https:\/\/earlyaccess.maisongiuliani.com\/index.php\/wp-json\/wp\/v2\/product\/180","targetHints":{"allow":["GET"]}}],"collection":[{"href":"https:\/\/earlyaccess.maisongiuliani.com\/index.php\/wp-json\/wp\/v2\/product"}],"about":[{"href":"https:\/\/earlyaccess.maisongiuliani.com\/index.php\/wp-json\/wp\/v2\/types\/product"}],"replies":[{"embeddable":true,"href":"https:\/\/earlyaccess.maisongiuliani.com\/index.php\/wp-json\/wp\/v2\/comments?post=180"}],"version-history":[{"count":6,"href":"https:\/\/earlyaccess.maisongiuliani.com\/index.php\/wp-json\/wp\/v2\/product\/180\/revisions"}],"predecessor-version":[{"id":848,"href":"https:\/\/earlyaccess.maisongiuliani.com\/index.php\/wp-json\/wp\/v2\/product\/180\/revisions\/848"}],"wp:featuredmedia":[{"embeddable":true,"href":"https:\/\/earlyaccess.maisongiuliani.com\/index.php\/wp-json\/wp\/v2\/media\/570"}],"wp:attachment":[{"href":"https:\/\/earlyaccess.maisongiuliani.com\/index.php\/wp-json\/wp\/v2\/media?parent=180"}],"wp:term":[{"taxonomy":"product_brand","embeddable":true,"href":"https:\/\/earlyaccess.maisongiuliani.com\/index.php\/wp-json\/wp\/v2\/product_brand?post=180"},{"taxonomy":"product_cat","embeddable":true,"href":"https:\/\/earlyaccess.maisongiuliani.com\/index.php\/wp-json\/wp\/v2\/product_cat?post=180"},{"taxonomy":"product_tag","embeddable":true,"href":"https:\/\/earlyaccess.maisongiuliani.com\/index.php\/wp-json\/wp\/v2\/product_tag?post=180"}],"curies":[{"name":"wp","href":"https:\/\/api.w.org\/{rel}","templated":true}]}}